{"id":2649,"date":"2022-01-03T09:54:54","date_gmt":"2022-01-03T08:54:54","guid":{"rendered":"https:\/\/bondoadvisors.com\/?page_id=2649"},"modified":"2025-12-04T17:37:45","modified_gmt":"2025-12-04T16:37:45","slug":"informativa-sulla-privacy-termini-e-condizioni","status":"publish","type":"page","link":"https:\/\/bondoadvisors.com\/it\/informativa-sulla-privacy-termini-e-condizioni\/","title":{"rendered":"Informativa sulla privacy e cookies + Termini e condizioni"},"content":{"rendered":"\t\t<div data-elementor-type=\"wp-page\" data-elementor-id=\"2649\" class=\"elementor elementor-2649 elementor-1573\" data-elementor-post-type=\"page\">\n\t\t\t\t\t\t<section class=\"elementor-section elementor-top-section elementor-element elementor-element-ce0f0f2 elementor-section-boxed elementor-section-height-default elementor-section-height-default\" data-id=\"ce0f0f2\" data-element_type=\"section\" data-settings=\"{&quot;jet_parallax_layout_list&quot;:[]}\">\n\t\t\t\t\t\t<div class=\"elementor-container elementor-column-gap-default\">\n\t\t\t\t\t<div class=\"elementor-column elementor-col-100 elementor-top-column elementor-element elementor-element-eee8601\" data-id=\"eee8601\" data-element_type=\"column\">\n\t\t\t<div class=\"elementor-widget-wrap elementor-element-populated\">\n\t\t\t\t\t\t<div class=\"elementor-element elementor-element-39f28e25 elementor-widget elementor-widget-text-editor\" data-id=\"39f28e25\" data-element_type=\"widget\" data-widget_type=\"text-editor.default\">\n\t\t\t\t<div class=\"elementor-widget-container\">\n\t\t\t\t\t\t\t\n<p id=\"tw-target-text\"><strong>Informativa sulla privacy + Termini e condizioni<\/strong><\/p>\n\n\n\n<p id=\"tw-target-text\">In conformit\u00e0 con le disposizioni delle normative vigenti in materia di protezione dei dati personali, ti informiamo che i tuoi dati saranno incorporati nel sistema di trattamento di propriet\u00e0 di Bondo Advisors SL con CIF B-88581731 e sede legale in Calle de V\u00edctor Hugo, 1 &#8211; 3\u00ba Izquierda &#8211; 28004 Madrid, Spagna, per rispondere alle tue domande e inviarti informazioni correlate che potrebbero interessarti. Nel rispetto delle normative vigenti. Bondo Advisors SL informa che i dati saranno conservati per il periodo strettamente necessario al rispetto dei predetti precetti.<\/p>\n\n\n\n<p id=\"tw-target-text\">Fino a quando non ci comunichi diversamente, capiremo che i tuoi dati non sono stati modificati, che accetti di comunicarci qualsiasi variazione e che abbiamo il tuo consenso per utilizzarli per le finalit\u00e0 di cui sopra. In conformit\u00e0 ai diritti conferiti dalla normativa vigente in materia di protezione dei dati, Lei potr\u00e0 esercitare i diritti di accesso, rettifica, limitazione del trattamento, cancellazione, portabilit\u00e0 e opposizione al trattamento dei Suoi dati personali nonch\u00e9 il consenso prestato per il trattamento stesso indirizzando la tua richiesta all&#8217;indirizzo postale sopra indicato o alla mail info@bondo.es .<\/p>\n\n\n\n<p id=\"tw-target-text\">Bondo Advisors SL informa che proceder\u00e0 al trattamento dei dati in modo lecito, leale, trasparente, adeguato, pertinente, limitato, esatto e aggiornato. Ecco perch\u00e9 Bondo Advisors SL si impegna ad adottare tutte le misure ragionevoli affinch\u00e9 queste vengano soppresse o rettificate quando sono inesatte.<\/p>\n\n\n\n<p id=\"tw-target-text\">A sua volta, ti informiamo che puoi contattare il Responsabile della protezione dei dati di Bondo Advisors SL, scrivendo all&#8217;indirizzo e-mail dpo@bondo.es o chiamando il numero 910 606 186. \u00c8 possibile contattare l&#8217;Autorit\u00e0 di controllo competente per presentare il reclamo appropriato. Inviando il modulo di raccolta dati accetti l&#8217;informativa sulla privacy di Bondo Advisors SL.<\/p>\n\n\n<h2>Consenso all&#8217;utilizzo di cookies.<\/h2>\n<p>Per il corretto funzionamento del nostro sito web utilizziamo cookies. Per ottenere il vostro valido consenso all&#8217;utilizzo e alla memorizzazione di cookies nel browser che utilizzate per accedere al nostro sito web e per documentarlo correttamente, utilizziamo una piattaforma di gestione del consenso: CookieFirst. Questa tecnologia \u00e8 fornita da Digital Data Solutions BV, Plantage Middenlaan 42a, 1018 DH, Amsterdam, Paesi Bassi. Sito web: <a href=\"https:\/\/cookiefirst.com\" title=\"Cookiefirst page\" target=\"_blank\" rel=\"noopener\">https:\/\/cookiefirst.com<\/a> indicato come CookieFirst.<\/p>\n<p>Quando si accede al nostro sito web, viene stabilita una connessione con il server di CookieFirstper darci la possibilit\u00e0 di ottenere un consenso valido da parte dell&#8217;utente all&#8217;uso di determinati cookies. CookieFirst memorizza quindi un cookie nel browser dell&#8217;utente per poter attivare solo quei cookies a cui l&#8217;utente ha dato il proprio consenso e per poterlo documentare adeguatamente. I dati elaborati vengono memorizzati fino alla scadenza del periodo di conservazione predefinito o fino alla richiesta di cancellazione dei dati da parte dell&#8217;utente. In deroga a quanto sopra, possono essere applicati alcuni periodi di conservazione obbligatori per legge.<\/p>\n<p>CookieFirst viene utilizzato per ottenere il consenso legalmente richiesto per l&#8217;utilizzo di cookies. La base giuridica \u00e8 l&#8217;articolo 6, paragrafo 1, lettera c), del Regolamento generale sulla protezione dei dati (GDPR).<\/p>\n<h2>Accordo sul trattamento dei dati<\/h2>\n<p>Abbiamo stipulato un accordo per l&#8217;elaborazione dei dati con CookieFirst. Si tratta di un contratto richiesto dalla legge sulla protezione dei dati, che garantisce che i dati dei visitatori del nostro sito web vengano elaborati solo in conformit\u00e0 alle nostre istruzioni e nel rispetto del GDPR.<\/p>\n<h2>File di log del server<\/h2>\n<p>Il nostro sito web e CookieFirst raccolgono e memorizzano automaticamente informazioni nei cosiddetti file di log del server, che il vostro browser ci trasmette automaticamente. Vengono raccolti i seguenti dati:<\/p>\n<ul>\n<li>Lo stato del vostro consenso o la revoca del consenso<\/li>\n<li>Il vostro indirizzo IP anonimo<\/li>\n<li>Informazioni sul vostro browser<\/li>\n<li>Informazioni sul vostro dispositivo<\/li>\n<li>La data e l&#8217;ora in cui avete visitato il nostro sito web<\/li>\n<li>L&#8217;url della pagina web in cui l&#8217;utente ha salvato o aggiornato le preferenze di consenso<\/li>\n<li>La posizione approssimativa dell&#8217;utente che ha salvato le preferenze di consenso<\/li>\n<li>Un identificatore univoco universale (UUID) del visitatore del sito web che ha cliccato sul banner cookie.<\/li>\n<\/ul>\n\n<div id=\"cookiefirst-policy-page\"><\/div>\n<div>Questa politica sui cookie \u00e8 stata creata e aggiornata da <a href=\"https:\/\/cookiefirst.com\/it\/cookie-scanner\/\" target=\"_blank\" rel=\"noopener\">Cookie Scan<\/a>.<\/div>\n\n<div id=\"cookiefirst-cookies-table\"><\/div>\n<div>Questa tabella dei cookie \u00e8 stata creata e aggiornata dalla <a href=\"https:\/\/cookiefirst.com\/it\/cookie-banner\/\" target=\"_blank\" rel=\"noopener\">Cookie Banner<\/a>.<\/div>\t\t\t\t\t\t<\/div>\n\t\t\t\t<\/div>\n\t\t\t\t\t<\/div>\n\t\t<\/div>\n\t\t\t\t\t<\/div>\n\t\t<\/section>\n\t\t\t\t<\/div>\n\t\t","protected":false},"excerpt":{"rendered":"<p>Informativa sulla privacy + Termini e condizioni In conformit\u00e0 con le disposizioni delle normative vigenti in materia di protezione dei dati personali, ti informiamo che i tuoi dati saranno incorporati nel sistema di trattamento di propriet\u00e0 di Bondo Advisors SL con CIF B-88581731 e sede legale in Calle de V\u00edctor Hugo, 1 &#8211; 3\u00ba Izquierda [&hellip;]<\/p>\n","protected":false},"author":3,"featured_media":0,"parent":0,"menu_order":0,"comment_status":"closed","ping_status":"closed","template":"","meta":{"footnotes":""},"class_list":["post-2649","page","type-page","status-publish","hentry"],"_links":{"self":[{"href":"https:\/\/bondoadvisors.com\/it\/wp-json\/wp\/v2\/pages\/2649","targetHints":{"allow":["GET"]}}],"collection":[{"href":"https:\/\/bondoadvisors.com\/it\/wp-json\/wp\/v2\/pages"}],"about":[{"href":"https:\/\/bondoadvisors.com\/it\/wp-json\/wp\/v2\/types\/page"}],"author":[{"embeddable":true,"href":"https:\/\/bondoadvisors.com\/it\/wp-json\/wp\/v2\/users\/3"}],"replies":[{"embeddable":true,"href":"https:\/\/bondoadvisors.com\/it\/wp-json\/wp\/v2\/comments?post=2649"}],"version-history":[{"count":4,"href":"https:\/\/bondoadvisors.com\/it\/wp-json\/wp\/v2\/pages\/2649\/revisions"}],"predecessor-version":[{"id":4735,"href":"https:\/\/bondoadvisors.com\/it\/wp-json\/wp\/v2\/pages\/2649\/revisions\/4735"}],"wp:attachment":[{"href":"https:\/\/bondoadvisors.com\/it\/wp-json\/wp\/v2\/media?parent=2649"}],"curies":[{"name":"wp","href":"https:\/\/api.w.org\/{rel}","templated":true}]}}